{"id":77,"date":"2020-05-27T10:55:27","date_gmt":"2020-05-27T10:55:27","guid":{"rendered":"https:\/\/wyleczhcv.myf2f.pl\/?page_id=77"},"modified":"2020-06-08T16:33:14","modified_gmt":"2020-06-08T16:33:14","slug":"gdzie-sie-leczyc","status":"publish","type":"page","link":"https:\/\/wyleczhcv.myf2f.pl\/?page_id=77","title":{"rendered":"GDZIE SI\u0118 LECZY\u0106?"},"content":{"rendered":"\t\t<div data-elementor-type=\"wp-page\" data-elementor-id=\"77\" class=\"elementor elementor-77\" data-elementor-settings=\"[]\">\n\t\t\t\t\t\t<div class=\"elementor-inner\">\n\t\t\t\t\t\t\t<div class=\"elementor-section-wrap\">\n\t\t\t\t\t\t\t<section class=\"elementor-section elementor-top-section elementor-element elementor-element-0365aa5 elementor-section-boxed elementor-section-height-default elementor-section-height-default\" data-id=\"0365aa5\" data-element_type=\"section\">\n\t\t\t\t\t\t<div class=\"elementor-container elementor-column-gap-default\">\n\t\t\t\t\t\t\t<div class=\"elementor-row\">\n\t\t\t\t\t<div class=\"elementor-column elementor-col-100 elementor-top-column elementor-element elementor-element-a7c587c\" data-id=\"a7c587c\" data-element_type=\"column\">\n\t\t\t<div class=\"elementor-column-wrap elementor-element-populated\">\n\t\t\t\t\t\t\t<div class=\"elementor-widget-wrap\">\n\t\t\t\t\t\t<div class=\"elementor-element elementor-element-9447f46 elementor-widget elementor-widget-shortcode\" data-id=\"9447f46\" data-element_type=\"widget\" data-widget_type=\"shortcode.default\">\n\t\t\t\t<div class=\"elementor-widget-container\">\n\t\t\t\t\t<div class=\"elementor-shortcode\"><div class=\"slideReference\">\n\t<div class=\"open\">Ref<\/div>\n\t<img src=\"\/img\/close.svg\" alt=\"Zamknij\" \/>\n\t1. Crowley D, i in., Harm Reduction Journal (2018) 15:62; https:\/\/doi.org\/10.1186\/s12954-018-0269-z \n\t<br\/>\n\t2. Rekomendacje leczenia wirusowych zapale\u0144 w\u0105troby typu C w roku 2019 Polskiej Grupy Ekspert\u00f3w HCV; Zaka\u017cenia XXI wieku. 2019;2(2):61\u201369. doi: 10.31350\/zaka\u017cenia\/2019\/2\/Z2019014. \n\t<br\/>\n\t3. \u201eZapobieganie zaka\u017ceniom HCV\u201d jako przyk\u0142ad zintegrowanych dzia\u0142a\u0144 w zdrowiu publicznym na rzecz ograniczenia zaka\u017ce\u0144 krwiopochodnych w Polsce; Praca zbiorowa pod red.: Prof. dr hab. Miros\u0142aw J. Wysocki, Prof. dr hab. Andrzej Zieli\u0144ski, Dr hab. Rafa\u0142 Gierczy\u0144ski; Narodowy Instytut Zdrowia Publicznego - Pa\u0144stwowy Zak\u0142ad Higieny, Warszawa 2017. \n\t<br\/>\n\t4. Flisiak R. \u201ePerspektywy eliminacji wirusa zapalenia w\u0105troby typu C w Polsce\u201d, i in. HEPATOLOGIA 2019; 19: 1\u20135 \n\t<br\/>\n\t5. Dienstag JL. Acute viral hepatitis. W: Harrison's Principles of Internal Medicine. Wyd. 18. New York, NY: McGraw-Hill Companies, Inc.; 2012:2537\u20132557. \n\t<br\/>\n\t6. Koh Ch, i in.. rozdzia\u0142 Hepatitis C virus w Clinical Virology. Wyd. 4. Washington, DC: ASM Press; 2016:1313\u20131345. \n\t<br\/>\n\t7. Houghton M. J Hepatol 2009; 51:939\u2013948. \n\t<br\/>\n\t8. Hedskog C, i in. Identification of Novel HCV Genotype and Subtypes in Patients Treated with Sofosbuvir Based Regimens, Hepatology, 2017;66(1) (Suppl):121A \n\t<br\/>\n\t9. Flisiak R, i in. Clin Exp Hepatol 2016; 2: 144-148\n<\/div><\/div>\n\t\t\t\t<\/div>\n\t\t\t\t<\/div>\n\t\t\t\t<div class=\"elementor-element elementor-element-5cee90d elementor-widget elementor-widget-heading\" data-id=\"5cee90d\" data-element_type=\"widget\" data-widget_type=\"heading.default\">\n\t\t\t\t<div class=\"elementor-widget-container\">\n\t\t\t<h1 class=\"elementor-heading-title elementor-size-default\">Gdzie szuka\u0107 pomocy<\/h1>\t\t<\/div>\n\t\t\t\t<\/div>\n\t\t\t\t\t\t<\/div>\n\t\t\t\t\t<\/div>\n\t\t<\/div>\n\t\t\t\t\t\t\t\t<\/div>\n\t\t\t\t\t<\/div>\n\t\t<\/section>\n\t\t\t\t<section class=\"elementor-section elementor-top-section elementor-element elementor-element-5f93694 elementor-section-boxed elementor-section-height-default elementor-section-height-default\" data-id=\"5f93694\" data-element_type=\"section\">\n\t\t\t\t\t\t<div class=\"elementor-container elementor-column-gap-default\">\n\t\t\t\t\t\t\t<div class=\"elementor-row\">\n\t\t\t\t\t<div class=\"elementor-column elementor-col-100 elementor-top-column elementor-element elementor-element-ffed700\" data-id=\"ffed700\" data-element_type=\"column\">\n\t\t\t<div class=\"elementor-column-wrap elementor-element-populated\">\n\t\t\t\t\t\t\t<div class=\"elementor-widget-wrap\">\n\t\t\t\t\t\t<div class=\"elementor-element elementor-element-a43ad65 elementor-widget elementor-widget-shortcode\" data-id=\"a43ad65\" data-element_type=\"widget\" data-widget_type=\"shortcode.default\">\n\t\t\t\t<div class=\"elementor-widget-container\">\n\t\t\t\t\t<div class=\"elementor-shortcode\"><div style=\"clear:both;\"><\/div><div class=\"bs_breadcrumbs\">Strona <span class=\"delimiter\"> &gt; <\/span><a href=\"https:\/\/wyleczhcv.myf2f.pl\/?page_id=32\">GDZIE SZUKA\u0106 POMOCY<\/a><span class=\"delimiter\"> &gt; <\/span><a href=\"https:\/\/wyleczhcv.myf2f.pl\/?page_id=77\">GDZIE SI\u0118 LECZY\u0106?<\/a><\/div><div style=\"clear:both;\"><\/div><\/div>\n\t\t\t\t<\/div>\n\t\t\t\t<\/div>\n\t\t\t\t<div class=\"elementor-element elementor-element-16741b8 elementor-widget elementor-widget-text-editor\" data-id=\"16741b8\" data-element_type=\"widget\" data-widget_type=\"text-editor.default\">\n\t\t\t\t<div class=\"elementor-widget-container\">\n\t\t\t\t\t<div class=\"elementor-text-editor elementor-clearfix\"><p>O\u015brodki leczenia<\/p><\/div>\n\t\t\t\t<\/div>\n\t\t\t\t<\/div>\n\t\t\t\t\t\t<\/div>\n\t\t\t\t\t<\/div>\n\t\t<\/div>\n\t\t\t\t\t\t\t\t<\/div>\n\t\t\t\t\t<\/div>\n\t\t<\/section>\n\t\t\t\t<section class=\"elementor-section elementor-top-section elementor-element elementor-element-eb76efd elementor-section-boxed elementor-section-height-default elementor-section-height-default\" data-id=\"eb76efd\" data-element_type=\"section\">\n\t\t\t\t\t\t<div class=\"elementor-container elementor-column-gap-default\">\n\t\t\t\t\t\t\t<div class=\"elementor-row\">\n\t\t\t\t\t<div class=\"elementor-column elementor-col-100 elementor-top-column elementor-element elementor-element-4bafad7\" data-id=\"4bafad7\" data-element_type=\"column\">\n\t\t\t<div class=\"elementor-column-wrap elementor-element-populated\">\n\t\t\t\t\t\t\t<div class=\"elementor-widget-wrap\">\n\t\t\t\t\t\t<div class=\"elementor-element elementor-element-253b1f0 elementor-widget elementor-widget-shortcode\" data-id=\"253b1f0\" data-element_type=\"widget\" data-widget_type=\"shortcode.default\">\n\t\t\t\t<div class=\"elementor-widget-container\">\n\t\t\t\t\t<div class=\"elementor-shortcode\"> <!-- start Fla-shop.com HTML5 Map --> <div class='polandHtml5Mapbottom htmlMapResponsive' style='max-width:800px'><div id='poland-html5-map-map-container_0' class='polandHtml5MapContainer' data-map-variable='polandhtml5map_map_0'><\/div><div style='clear:both; height: 20px;'><\/div> <style> #poland-html5-map-map-container_0 { } #poland-html5-map-map-container_0 .fm-tooltip-name { color: #000000; font-size: 18px; font-family: 'Montserrat'; } #poland-html5-map-map-container_0 .fm-tooltip-comment { } #poland-html5-map-map-container_0 .fm-tooltip-comment p { } @media only screen and (max-width: 480px) { #poland-html5-map-map-container_0 { float: none; width: 100%; } } <\/style><script type=\"text\/javascript\"> jQuery(function(){ var hightlighted = null; polandhtml5map_map_0 = new FlaShopPolandMap(polandhtml5map_map_cfg_1); polandhtml5map_map_0.draw('poland-html5-map-map-container_0'); polandhtml5map_map_0.on('mousein', function(ev, sid, map) { if (hightlighted && sid != hightlighted) { map.stateHighlightOut(hightlighted); hightlighted = null; } }); var html5map_onclick = function(ev, sid, map) { var cfg = polandhtml5map_map_cfg_1; var link = map.fetchStateAttr(sid, 'link'); var is_group = map.fetchStateAttr(sid, 'group'); var popup_id = map.fetchStateAttr(sid, 'popup-id'); var is_group_info = false; if (typeof cfg.map_data[sid] !== 'undefined') jQuery('#poland-html5-map-selector_0').val(sid); else jQuery('#poland-html5-map-selector_0').val(''); if (is_group==undefined) { if (sid.substr(0,1)=='p') { popup_id = map.fetchPointAttr(sid, 'popup_id'); link = map.fetchPointAttr(sid, 'link'); } } else if (typeof cfg.groups[is_group]['ignore_link'] == 'undefined' || ! cfg.groups[is_group].ignore_link) { link = cfg.groups[is_group].link; popup_id = cfg.groups[is_group]['popup_id']; is_group_info = true; } if (link=='#popup') { if (typeof SG_POPUP_DATA == \"object\") { if (popup_id in SG_POPUP_DATA) { SGPopup.prototype.showPopup(popup_id,false); } else { jQuery.ajax({ type: 'POST', url: 'https:\/\/wyleczhcv.myf2f.pl\/index.php?polandhtml5map_get_popup', data: {popup_id:popup_id}, }).done(function(data) { jQuery('body').append(data); SGPopup.prototype.showPopup(popup_id,false); }); } } else if (typeof SGPBPopup == \"function\") { var popup = SGPBPopup.createPopupObjById(popup_id); popup.prepareOpen(); popup.open(); } return false; } if (link == '#info') { var id = is_group_info ? is_group : (sid.substr(0,1)=='p' ? sid : map.fetchStateAttr(sid, 'id')); jQuery('#poland-html5-map-state-info_0').html('Loading...'); jQuery.ajax({ type: 'POST', url: 'https:\/\/wyleczhcv.myf2f.pl\/index.php?polandhtml5map_get_'+(is_group_info ? 'group' : 'state')+'_info='+id+'&map_id=1', success: function(data, textStatus, jqXHR){ jQuery('#poland-html5-map-state-info_0').html(data); jQuery(\"html, body\").animate({ scrollTop: jQuery('#poland-html5-map-state-info_0').offset().top - 0 }, 1000); }, dataType: 'text' }); return false; } if (ev===null && link!='') { if (!jQuery('.html5dummilink').length) { jQuery('body').append('<a href=\"#\" class=\"html5dummilink\" style=\"display:none\"><\/a>'); } jQuery('.html5dummilink').attr('href',link).attr('target',(map.fetchStateAttr(sid, 'isNewWindow') ? '_blank' : '_self'))[0].click(); } }; polandhtml5map_map_0.on('click',html5map_onclick); }); <\/script><div id='poland-html5-map-state-info_0' class='polandHtml5MapStateInfo'><\/div> <\/div> <div style='clear: both'><\/div> <!-- end HTML5 Map --> <\/div>\n\t\t\t\t<\/div>\n\t\t\t\t<\/div>\n\t\t\t\t\t\t<\/div>\n\t\t\t\t\t<\/div>\n\t\t<\/div>\n\t\t\t\t\t\t\t\t<\/div>\n\t\t\t\t\t<\/div>\n\t\t<\/section>\n\t\t\t\t\t\t<\/div>\n\t\t\t\t\t\t<\/div>\n\t\t\t\t\t<\/div>\n\t\t","protected":false},"excerpt":{"rendered":"<p>Gdzie szuka\u0107 pomocy O\u015brodki leczenia<\/p>\n","protected":false},"author":1,"featured_media":0,"parent":32,"menu_order":0,"comment_status":"closed","ping_status":"closed","template":"","meta":[],"_links":{"self":[{"href":"https:\/\/wyleczhcv.myf2f.pl\/index.php?rest_route=\/wp\/v2\/pages\/77"}],"collection":[{"href":"https:\/\/wyleczhcv.myf2f.pl\/index.php?rest_route=\/wp\/v2\/pages"}],"about":[{"href":"https:\/\/wyleczhcv.myf2f.pl\/index.php?rest_route=\/wp\/v2\/types\/page"}],"author":[{"embeddable":true,"href":"https:\/\/wyleczhcv.myf2f.pl\/index.php?rest_route=\/wp\/v2\/users\/1"}],"replies":[{"embeddable":true,"href":"https:\/\/wyleczhcv.myf2f.pl\/index.php?rest_route=%2Fwp%2Fv2%2Fcomments&post=77"}],"version-history":[{"count":8,"href":"https:\/\/wyleczhcv.myf2f.pl\/index.php?rest_route=\/wp\/v2\/pages\/77\/revisions"}],"predecessor-version":[{"id":714,"href":"https:\/\/wyleczhcv.myf2f.pl\/index.php?rest_route=\/wp\/v2\/pages\/77\/revisions\/714"}],"up":[{"embeddable":true,"href":"https:\/\/wyleczhcv.myf2f.pl\/index.php?rest_route=\/wp\/v2\/pages\/32"}],"wp:attachment":[{"href":"https:\/\/wyleczhcv.myf2f.pl\/index.php?rest_route=%2Fwp%2Fv2%2Fmedia&parent=77"}],"curies":[{"name":"wp","href":"https:\/\/api.w.org\/{rel}","templated":true}]}}